{"id":490,"date":"2026-01-23T12:12:21","date_gmt":"2026-01-23T12:12:21","guid":{"rendered":"https:\/\/www.sofia-und-thomas.ch\/sofia-si-thomas\/"},"modified":"2026-02-11T06:23:09","modified_gmt":"2026-02-11T06:23:09","slug":"sofia-si-thomas","status":"publish","type":"page","link":"https:\/\/www.sofia-und-thomas.ch\/ro\/sofia-si-thomas\/","title":{"rendered":"Sofia \u0219i Thomas"},"content":{"rendered":"\n\n\nPovestea noastr\u0103 de dragoste<br><br>Povestea noastr\u0103 a \u00eenceput foarte romantic\u2026<br>cu Wi-Fi, o platform\u0103 online \u0219i un algoritm care, se pare, \u0219tia ce face. Din c\u00e2teva mesaje au ie\u0219it conversa\u021bii lungi, din conversa\u021bii lungi, \u00eent\u00e2lniri adev\u0103rate, iar din \u201eVom vedea\u201d destul de repede \u201eOh \u2013 e ceva adevarat!\u201d.<br><br>\u00cempreun\u0103 am descoperit c\u0103 \u00eemp\u0103rt\u0103\u0219im acelea\u0219i pasiuni:<br>c\u0103l\u0103torii, gastronomie excelent\u0103, dar \u0219i o mare dragoste pentru istorie. Prefer\u0103m s\u0103 adun\u0103m amintiri dec\u00e2t lucruri \u2013<br>mai ales \u00een ora\u0219e str\u0103ine, printre ziduri vechi \u0219i mereu \u00een c\u0103utarea celui mai bun restaurant local (da, se discut\u0103 mult pe acest subiect).<br><br>Profesional, provenim din dou\u0103 lumi foarte diferite:<br>EL lucreaz\u0103 \u00een domeniul IT \u0219i \u00eencearc\u0103 s\u0103 rezolve problemele logic \u2013 EA este medic \u0219i are grij\u0103 ca oamenii s\u0103 func\u021bioneze. Unul scrie coduri, cel\u0103lalt re\u021bete. A\u0219a c\u0103, \u00eempreun\u0103, suntem bine echipa\u021bi pentru orice surpriz\u00e4 a vie\u021bii.<br><br>Ce ne une\u0219te?<br>Umorul, curiozitatea, respectul reciproc \u0219i capacitatea de a ne reg\u0103si mereu unul pe cel\u0103lalt, chiar \u0219i dup\u0103 c\u0103l\u0103torii lungi, un program \u00eenc\u0103rcat \u0219i nenum\u00e4ratele comenzi de deserturi.<br>Dintr-un click a ie\u0219it dragoste, din dragoste o promisiune, iar din aceast\u0103 promisiune un drum comun.<br>\u0218i acest drum vrem s\u0103-l incepem cu voi.\n\n\n\n<p><\/p>\n\n\n\n\n\n\n\n\n\n\n\n\n\n\n\n\n\n\n\n\n\n\n\n\n\n\n","protected":false},"excerpt":{"rendered":"","protected":false},"author":1,"featured_media":0,"parent":0,"menu_order":0,"comment_status":"closed","ping_status":"closed","template":"","meta":{"pagelayer_contact_templates":[],"_pagelayer_content":"","footnotes":""},"class_list":["post-490","page","type-page","status-publish","hentry"],"_links":{"self":[{"href":"https:\/\/www.sofia-und-thomas.ch\/ro\/wp-json\/wp\/v2\/pages\/490","targetHints":{"allow":["GET"]}}],"collection":[{"href":"https:\/\/www.sofia-und-thomas.ch\/ro\/wp-json\/wp\/v2\/pages"}],"about":[{"href":"https:\/\/www.sofia-und-thomas.ch\/ro\/wp-json\/wp\/v2\/types\/page"}],"author":[{"embeddable":true,"href":"https:\/\/www.sofia-und-thomas.ch\/ro\/wp-json\/wp\/v2\/users\/1"}],"replies":[{"embeddable":true,"href":"https:\/\/www.sofia-und-thomas.ch\/ro\/wp-json\/wp\/v2\/comments?post=490"}],"version-history":[{"count":4,"href":"https:\/\/www.sofia-und-thomas.ch\/ro\/wp-json\/wp\/v2\/pages\/490\/revisions"}],"predecessor-version":[{"id":589,"href":"https:\/\/www.sofia-und-thomas.ch\/ro\/wp-json\/wp\/v2\/pages\/490\/revisions\/589"}],"wp:attachment":[{"href":"https:\/\/www.sofia-und-thomas.ch\/ro\/wp-json\/wp\/v2\/media?parent=490"}],"curies":[{"name":"wp","href":"https:\/\/api.w.org\/{rel}","templated":true}]}}