{"id":469,"date":"2026-01-24T16:47:17","date_gmt":"2026-01-24T16:47:17","guid":{"rendered":"https:\/\/www.sofia-und-thomas.ch\/cum-ajungeti-si-cazare\/"},"modified":"2026-02-18T16:34:41","modified_gmt":"2026-02-18T16:34:41","slug":"cum-ajungeti-si-cazare","status":"publish","type":"page","link":"https:\/\/www.sofia-und-thomas.ch\/ro\/cum-ajungeti-si-cazare\/","title":{"rendered":"Cum ajunge\u021bi \u0219i unde v\u0103 caza\u021bi"},"content":{"rendered":"\n<h1>Loca\u021bie<\/h1>\n\n<blockquote class=\"wp-block-quote is-layout-flow wp-block-quote-is-layout-flow\">\n<p>De ce s\u0103rb\u0103torim \u00een Italia, l\u00e2ng\u0103 Vene\u021bia?<\/p>\n<\/blockquote>\n\nMult am contemplat asupra loca\u021biei potrivite pentru petrecerea noastr\u0103. Avem invita\u021bi din diferite \u021b\u0103ri. Printre al\u021bii, avem invita\u021bi din Moldova, Elve\u021bia, America \u0219i, bine\u00een\u021beles, Italia.<br>Italia este punctul central ideal pentru to\u021bi. \u00cen cele din urm\u0103, farmecul italian, m\u00e2ncarea bun\u0103 \u0219i loca\u021bia frumoas\u0103 ne-au convins. \u00cen plus, am petrecut primele noastre vacan\u021be \u00eempreun\u0103 \u00een aceast\u0103 regiune.<br>(P.S. \u0218i, bine\u00een\u021beles, bugetul a jucat, de asemenea, un rol.)<br><br>\n\n<h2>Loca\u021bia nun\u021bii<\/h2>\n\n<div class=\"wp-block-columns is-layout-flex wp-container-core-columns-is-layout-9d6595d7 wp-block-columns-is-layout-flex\">\n<div class=\"wp-block-column is-layout-flow wp-block-column-is-layout-flow\" style=\"flex-basis:33.33%\">\nPetrecerea de nunt\u0103 are loc la Villa Foscarini Cornaro \u2605\u2605\u2605\u2605\u2605. <br><br>Adresa loca\u021biei evenimentului:<br><br>Via Palazzi, 10 &#8211; Gorgo al Monticano &#8211; 31040 \u2013 TREVISO<br>tel. 0422-208007 \/ fax. 0422-208996<br><a href=\"mailto:wedding@villafoscarinicornaro.net\">wedding@villafoscarinicornaro.net<\/a> <br><a href=\"http:\/\/www.villafoscarinicornaro.net\">www.villafoscarinicornaro.net<\/a><br>ORS <a href=\"https:\/\/maps.openrouteservice.org\/#\/directions\/Via%20Palazzi,Gorgo%20Al%20Monticano,TV,Italien\/Via%20Palazzi,Gorgo%20Al%20Monticano,TV,Italien\/data\/55,130,32,198,15,97,4,224,38,9,96,59,2,24,5,192,166,6,113,0,184,64,70,0,152,3,160,21,148,252,4,224,1,128,54,1,217,168,5,134,195,109,32,26,39,78,62,250,0,228,168,214,128,102,17,248,4,141,160,27,136,153,10,131,251,183,232,94,169,90,116,184,243,232,36,127,126,35,11,229,44,223,136,14,32,32,0,117,79,2,34,108,57,64,2,242,128,22,215,62,38,22,175,64,128,12,222,0,6,221,23,28,0,19,204,8,41,0,28,192,22,154,29,6,32,21,200,57,26,28,196,23,221,31,221,17,49,12,20,47,17,50,13,205,221,17,22,29,22,4,0,23,214,168,0,0\" target=\"_blank\" rel=\"noreferrer noopener\">LINK<\/a>\n<\/div>\n\n\n\n<div class=\"wp-block-column is-layout-flow wp-block-column-is-layout-flow\" style=\"flex-basis:66.66%\">\nVia Palazzi, 10 31040 Gorgo al Monticano (TV)\n<\/div>\n<\/div>\n\n<h2><br>Cum ajunge\u021bi cu ma\u0219ina<\/h2>\n\nDin Elve\u021bia, timpul de condus este estimat la aproximativ 6h 20min, pe o distan\u021b\u0103 de circa 650 km. <br>Loca\u021bia are suficiente locuri de parcare gratuite.<br><br>Traseul prin Openroute Service: <a href=\\\"https:\/\/maps.openrouteservice.org\/#\/directions\/A18,Birsfelden,BL,Schweiz\/Via%20Palazzi,Gorgo%20Al%20Monticano,TV,Italien\/data\/55,130,32,198,15,97,4,224,38,9,96,59,2,24,5,192,166,6,113,0,184,64,118,0,232,3,96,9,152,128,57,136,17,128,102,122,40,5,159,0,25,152,6,153,194,5,100,122,178,42,150,236,95,53,65,212,3,115,85,35,219,152,128,156,85,186,15,204,37,177,78,221,11,231,193,94,109,10,21,106,150,173,205,133,16,236,64,64,0,234,158,4,68,216,114,128,5,229,0,45,174,106,248,172,222,129,0,6,111,0,3,110,139,130,11,13,15,0,6,228,128,14,96,11,70,12,141,9,98,15,238,136,30,141,14,136,134,14,23,139,153,1,225,231,155,14,139,2,0,11,237,84,0,0\\\" data-type=\\\"link\\\" data-id=\\\"https:\/\/maps.openrouteservice.org\/#\/directions\/Via%20Palazzi,Gorgo%20Al%20Monticano,TV,Italien\/Via%20Palazzi,Gorgo%20Al%20Monticano,TV,Italien\/data\/55,130,32,198,15,97,4,224,38,9,96,59,2,24,5,192,166,6,113,0,184,64,70,0,152,3,160,21,128,22,0,57,240,25,128,118,0,105,205,56,186,236,190,128,216,6,226,44,211,242,112,9,201,208,185,124,66,106,113,175,156,147,22,108,135,147,163,67,169,66,210,133,209,0,196,4,0,14,169,224,68,77,135,40,0,94,80,2,218,231,201,87,126,232,16,1,155,192,3,110,151,56,0,158,97,221,32,3,152,2,211,67,162,4,2,187,187,35,64,232,129,59,160,187,161,134,33,129,121,225,134,67,91,91,162,34,195,162,192,128,2,249,21,0\\\" target=\\\"_blank\\\" rel=\\\"noreferrer noopener\\\">LINK<\/a><br>\n\n<h2>Cum ajunge\u021bi cu trenul<\/h2>\n\n\u00cen imediata apropiere se afl\u0103 gara Gorgo Al Monticano.<br>Din Basel ajungi la loca\u021bie \u00een aproape 8h 30min.<br><br>\n\n<h2>Cum ajunge\u021bi cu avionul<\/h2>\n\nExist\u0103 patru aeroporturi \u00een apropiere pentru sosire: <br>1. Aeroportul Vene\u021bia Marco Polo (VCE) distan\u021b\u0103: 53 km (<a href=\\\"https:\/\/maps.openrouteservice.org\/#\/directions\/Arrivi,Tessera,VE,Italien\/Via%20Palazzi,Gorgo%20Al%20Monticano,TV,Italien\/data\/55,130,32,198,15,97,4,224,38,9,96,59,2,24,5,192,166,6,113,0,184,64,70,0,152,3,160,25,148,129,57,76,32,6,124,0,228,62,154,108,34,129,88,1,160,5,157,227,217,173,222,187,122,248,232,176,161,64,27,0,110,34,253,219,226,157,48,183,124,84,166,151,205,199,159,0,236,122,43,115,218,94,169,118,133,52,83,210,19,136,8,0,29,83,192,136,155,14,80,0,188,160,5,181,192,206,193,218,2,0,12,222,0,6,221,23,4,22,26,30,0,13,201,0,28,192,22,140,25,26,22,196,8,61,4,61,26,29,17,12,10,47,0,178,7,199,208,182,29,22,4,0,23,206,168,0\\\" target=\\\"_blank\\\" rel=\\\"noreferrer noopener\\\">LINK<\/a>)<br>2. Aeroportul Treviso (TSF) distan\u021b\u0103: 35 km (<a href=\\\"https:\/\/maps.openrouteservice.org\/#\/directions\/Park%20A,Treviso,TV,Italien\/Via%20Palazzi,Gorgo%20Al%20Monticano,TV,Italien\/data\/55,130,32,198,15,97,4,224,38,9,96,59,2,24,5,192,166,6,113,0,184,64,70,0,152,3,164,32,6,0,88,5,96,3,128,118,106,4,226,160,54,11,15,192,26,107,137,106,171,241,144,12,198,79,139,22,28,168,6,226,44,95,190,22,140,36,87,200,200,75,33,248,43,114,172,78,157,70,20,233,9,164,42,161,13,140,232,132,226,2,0,7,84,240,34,38,195,148,0,47,40,1,109,115,225,171,111,109,1,0,6,111,0,3,110,139,130,11,13,15,0,6,228,128,14,96,11,70,12,141,3,98,4,30,130,30,141,14,136,134,5,23,128,89,13,237,232,91,14,139,2,0,11,231,84,0\\\" target=\\\"_blank\\\" rel=\\\"noreferrer noopener\\\">LINK<\/a>)<br>3. Aeroportul Trieste (TRS) distan\u021b\u0103: 91,8 km (<a href=\\\"https:\/\/maps.openrouteservice.org\/#\/directions\/Via%20Aquileia,Ronchi%20Dei%20Legionari,GO,Italien\/Via%20Palazzi,Gorgo%20Al%20Monticano,TV,Italien\/data\/55,130,32,198,15,97,4,224,38,9,96,59,2,24,5,192,166,6,113,0,184,64,70,1,152,3,160,5,128,14,1,88,0,96,29,136,128,217,246,161,210,4,231,223,0,105,76,184,242,1,49,208,105,92,190,82,21,6,80,13,207,128,113,74,149,240,51,96,192,105,124,109,8,52,46,39,159,90,180,218,149,168,92,161,74,2,117,181,162,11,136,8,0,29,83,192,136,155,14,80,0,188,160,5,181,201,175,104,237,1,0,6,111,0,3,110,139,130,11,13,15,0,6,228,128,14,96,11,70,12,141,7,98,12,30,138,30,141,14,136,134,13,23,136,89,11,235,228,91,14,139,2,0,11,239,84,0,0\\\" target=\\\"_blank\\\" rel=\\\"noreferrer noopener\\\">LINK<\/a>)<br>4. Aeroportul Verona (VRN) distan\u021b\u0103: 173,9 km (<a href=\\\"https:\/\/maps.openrouteservice.org\/#\/directions\/Via%20Aeroporto,Verona,VR,Italien\/Via%20Palazzi,Gorgo%20Al%20Monticano,TV,Italien\/data\/55,130,32,198,15,97,4,224,38,9,96,59,2,24,5,192,166,6,113,0,184,64,70,0,24,3,160,19,144,129,216,5,96,25,138,250,2,101,34,128,56,175,194,128,104,1,98,184,239,8,50,173,197,161,110,21,243,118,224,192,27,21,0,220,248,27,23,175,134,105,25,13,187,229,35,70,77,73,60,248,80,170,92,77,22,117,100,214,98,19,136,8,0,29,83,192,136,155,14,80,0,188,160,5,181,193,207,104,237,1,0,6,111,0,3,110,139,130,11,13,15,0,6,228,128,14,96,11,70,12,141,7,98,12,30,138,30,141,14,136,134,13,23,136,89,11,235,228,91,14,139,2,0,11,239,84,0,0\\\" target=\\\"_blank\\\" rel=\\\"noreferrer noopener\\\">LINK<\/a>)<br> Aeroportul Milano-Malpensa (MXP) distan\u021b\u0103: 359,6 km (<a href=\\\"https:\/\/maps.openrouteservice.org\/#\/directions\/Terminal%201,Lonate%20Pozzolo,VA,Italien\/Via%20Palazzi,Gorgo%20Al%20Monticano,TV,Italien\/data\/55,130,32,198,15,97,4,224,38,9,96,59,2,24,5,192,166,6,113,0,184,64,14,0,232,7,96,17,128,6,99,200,19,159,10,2,96,21,128,54,107,152,6,128,22,71,14,126,171,170,119,44,220,167,122,164,3,48,6,229,47,80,163,70,165,89,244,234,90,132,230,19,74,114,227,216,177,65,196,39,224,152,222,166,234,196,67,177,1,0,3,170,120,17,19,97,202,0,23,148,0,182,185,75,17,183,109,1,0,6,111,0,3,110,139,130,11,13,15,0,6,228,128,14,96,11,70,12,141,13,98,8,30,140,30,141,14,136,134,9,23,143,153,5,229,224,91,14,139,2,0,11,235,84,0,0\\\" target=\\\"_blank\\\" rel=\\\"noreferrer noopener\\\">LINK<\/a>)<br>\n\n<h1>Cazare<\/h1>\n\n<blockquote class=\"wp-block-quote is-layout-flow wp-block-quote-is-layout-flow\">\n<p class=\"has-medium-font-size\" style=\"font-style:normal;font-weight:700\">Aten\u021bie: Villa Foscarini Cornaro apare ca fiind complet rezervat\u0103 pe Booking.com \u0219i pe alte platforme, deoarece camerele sunt rezervate pentru invita\u021bii no\u0219tri p\u00e2n\u0103 cu o lun\u0103 \u00eenainte de eveniment!<\/p>\n<\/blockquote>\n\n<p>La Villa Foscarini Cornaro se pot rezerva camere la fa\u021ba locului \u00eencep\u00e2nd de duminic\u0103, 28.06., la tarife preferen\u021biale. Din p\u0103cate, toate camerele de la loca\u021bie sunt ocupate pentru s\u00e2mb\u0103t\u0103, 27.06. Recomand\u0103m petrecerea nop\u021bii de p\u00e2n\u0103 la 27.06. \u00eentr-unul dintre hotelurile de mai jos \u0219i apoi transferul la Villa Foscarini. Astfel, po\u021bi s\u0103rb\u0103tori petrecerea de sear\u0103 al\u0103turi de noi f\u0103r\u0103 nicio grij\u0103.<\/p>\n\n<p>Planific\u0103m un transport pentru seara, respectiv diminea\u021ba devreme a zilei de 28.06, adic\u0103 la sf\u00e2r\u0219itul petrecerii, care va opri la diversele hoteluri aflate pe o raz\u0103 de 10 minute (desigur, \u0219i la \u00eenceputul petrecerii). <br\/>Dac\u0103 dore\u0219ti s\u0103 rezervi cazare la Villa Foscarini \u00eencep\u00e2nd cu data de 28.06, ne po\u021bi comunica acest lucru \u00een formularul de \u00eenscriere (noi vom transmite datele tale de contact). \u00cen caz contrar, te rug\u0103m s\u0103 \u00ee\u021bi rezervi singur cazarea \u0219i s\u0103 ne anun\u021bi \u00een formularul de \u00eenscriere. Dac\u0103 ai \u00eentreb\u0103ri, te ajut\u0103m cu pl\u0103cere (WhatsApp, Signal etc.).   <\/p>\n\n<h2>La Villa Foscarini Cornaro \u2605\u2605\u2605\u2605\u2605<\/h2>\n\nDirect la loca\u021bie sunt disponibile urm\u0103toarele camere de hotel de la Duminic\u0103 28.06. p\u00e2n\u0103 la 29.06.2026 (sau chiar mai mult) pentru rezervare.<br><br>\u2013 13 camere duble<br>\u2013 2 camere single<br>\u2013 3 camere duble care pot fi transformate \u00een camere triple (3 adul\u021bi sau 2 adul\u021bi \u0219i 1 copil) sau camere cu patru paturi (camere cu patru paturi doar cu 2 copii) prin extinderea canapelei extensibile.<br>O noapte de cazare cost\u0103 120 de euro.<br><br>\n\n<h2>Alte locuri de cazare<\/h2>\n\nMai jos g\u0103se\u0219ti \u0219i alte unit\u0103\u021bi de cazare care ne-au fost recomandate. \u00cen imediata apropiere mai exist\u0103, de asemenea, c\u00e2teva altele.<br>\n\n<p><\/p>\n\n<h3>Agriturismo Villa Alm\u00e8<\/h3>\n\n<div class=\"wp-block-columns is-layout-flex wp-container-core-columns-is-layout-9d6595d7 wp-block-columns-is-layout-flex\">\n<div class=\"wp-block-column is-layout-flow wp-block-column-is-layout-flow\" style=\"flex-basis:33.33%\">\nVia Rigole, 9, 31040 Mansu\u00e8 TV, Italia<br>la cca 11 minute de Villa Foscarini Cornaro. <a href=\"https:\/\/maps.openrouteservice.org\/#\/directions\/Via%20Cimitero%20Basalghelle,Mansu%C3%A8,TV,Italien\/Via%20Palazzi,Gorgo%20Al%20Monticano,TV,Italien\/data\/55,130,32,198,15,97,4,224,38,9,96,59,2,24,5,192,166,6,113,0,184,64,70,0,152,3,160,21,136,210,6,96,5,148,210,0,224,29,145,202,0,102,160,26,91,143,178,128,217,233,53,32,19,136,165,97,141,72,6,226,38,92,189,97,244,248,52,41,47,171,62,93,75,22,96,178,160,202,133,242,151,111,68,7,16,16,0,58,167,129,17,54,28,160,1,121,64,11,107,152,197,171,208,32,3,55,128,1,183,69,193,5,134,135,128,3,114,64,7,48,5,163,6,70,135,49,1,247,67,247,70,135,68,67,1,11,194,204,131,115,118,205,135,69,129,0,5,240,170,0\" target=\"_blank\" rel=\"noreferrer noopener\">LINK<\/a><br>\n<\/div>\n\n\n\n<div class=\"wp-block-column is-layout-flow wp-block-column-is-layout-flow\" style=\"flex-basis:66.66%\">\nVia Rigole, 9, 31040 Mansu\u00e8 TV, Italia\n<\/div>\n<\/div>\n\n<h3>Prim Hotel \u00een Oderzo<\/h3>\n\n<div class=\"wp-block-columns is-layout-flex wp-container-core-columns-is-layout-9d6595d7 wp-block-columns-is-layout-flex\">\n<div class=\"wp-block-column is-layout-flow wp-block-column-is-layout-flow\" style=\"flex-basis:33.33%\">\nVia Martiri di Cefalonia, 13, 31046 Oderzo TV, Italia<br>la cca 9 minute de Villa Foscarini Cornaro. <a href=\"https:\/\/maps.openrouteservice.org\/#\/directions\/Via%20Postumia,Oderzo,TV,Italien\/Via%20Palazzi,Gorgo%20Al%20Monticano,TV,Italien\/data\/55,130,32,198,15,97,4,224,38,9,96,59,2,24,5,192,166,6,113,0,184,64,70,0,152,3,160,5,128,78,125,72,25,128,54,106,0,100,54,219,240,3,156,182,1,165,32,86,98,3,176,13,160,58,149,66,132,232,80,16,27,136,177,94,189,218,117,171,205,161,1,189,104,53,163,223,144,142,212,217,182,168,95,47,6,164,216,130,226,2,0,7,84,240,34,38,195,148,0,47,40,1,109,115,231,43,111,109,1,0,6,111,0,3,110,139,130,11,13,15,0,6,228,128,14,96,11,70,12,141,3,98,4,30,130,30,141,14,136,134,5,23,128,89,13,237,232,91,14,139,2,0,11,231,84,0\" target=\"_blank\" rel=\"noreferrer noopener\">LINK<\/a>\n<\/div>\n\n\n\n<div class=\"wp-block-column is-layout-flow wp-block-column-is-layout-flow\" style=\"flex-basis:66.66%\">\nPrim Hotel \u00een Oderzo\n<\/div>\n<\/div>\n","protected":false},"excerpt":{"rendered":"<p>De ce s\u0103rb\u0103torim \u00een Italia, l\u00e2ng\u0103 Vene\u021bia? Aten\u021bie: Villa Foscarini Cornaro apare ca fiind complet rezervat\u0103 pe Booking.com \u0219i pe alte platforme, deoarece camerele sunt rezervate pentru invita\u021bii no\u0219tri p\u00e2n\u0103 cu o lun\u0103 \u00eenainte de eveniment! La Villa Foscarini Cornaro se pot rezerva camere la fa\u021ba locului \u00eencep\u00e2nd de duminic\u0103, 28.06., la tarife preferen\u021biale. Din<\/p>\n","protected":false},"author":1,"featured_media":0,"parent":0,"menu_order":0,"comment_status":"closed","ping_status":"closed","template":"","meta":{"pagelayer_contact_templates":[],"_pagelayer_content":"","footnotes":""},"class_list":["post-469","page","type-page","status-publish","hentry"],"_links":{"self":[{"href":"https:\/\/www.sofia-und-thomas.ch\/ro\/wp-json\/wp\/v2\/pages\/469","targetHints":{"allow":["GET"]}}],"collection":[{"href":"https:\/\/www.sofia-und-thomas.ch\/ro\/wp-json\/wp\/v2\/pages"}],"about":[{"href":"https:\/\/www.sofia-und-thomas.ch\/ro\/wp-json\/wp\/v2\/types\/page"}],"author":[{"embeddable":true,"href":"https:\/\/www.sofia-und-thomas.ch\/ro\/wp-json\/wp\/v2\/users\/1"}],"replies":[{"embeddable":true,"href":"https:\/\/www.sofia-und-thomas.ch\/ro\/wp-json\/wp\/v2\/comments?post=469"}],"version-history":[{"count":9,"href":"https:\/\/www.sofia-und-thomas.ch\/ro\/wp-json\/wp\/v2\/pages\/469\/revisions"}],"predecessor-version":[{"id":657,"href":"https:\/\/www.sofia-und-thomas.ch\/ro\/wp-json\/wp\/v2\/pages\/469\/revisions\/657"}],"wp:attachment":[{"href":"https:\/\/www.sofia-und-thomas.ch\/ro\/wp-json\/wp\/v2\/media?parent=469"}],"curies":[{"name":"wp","href":"https:\/\/api.w.org\/{rel}","templated":true}]}}